{"id":21207,"date":"2017-04-23T08:48:06","date_gmt":"2017-04-23T08:48:06","guid":{"rendered":"https:\/\/www.rafaelapareja.com\/?page_id=21207"},"modified":"2019-11-25T12:08:28","modified_gmt":"2019-11-25T12:08:28","slug":"acerca-de","status":"publish","type":"page","link":"https:\/\/www.rafaelapareja.com\/index.php\/acerca-de\/","title":{"rendered":"Acerca de"},"content":{"rendered":"<p>[vc_row row_type=\u00bbrow\u00bb use_row_as_full_screen_section=\u00bbno\u00bb type=\u00bbfull_width\u00bb text_align=\u00bbleft\u00bb background_color=\u00bb#ffffff\u00bb css_animation=\u00bb\u00bb][vc_column][vc_row_inner row_type=\u00bbrow\u00bb type=\u00bbgrid\u00bb use_row_as_full_screen_section_slide=\u00bbno\u00bb text_align=\u00bbleft\u00bb padding_top=\u00bb80&#8243; padding_bottom=\u00bb80&#8243; css_animation=\u00bb\u00bb][vc_column_inner][vc_column_text]<\/p>\n<h3><\/h3>\n<h3>S\u00edntesis<\/h3>\n<p>[vc_separator type=&#8217;normal&#8217; position=&#8217;center&#8217; color=&#8217;#fff&#8217; border_style=\u00bb thickness=&#8217;10&#8217; up=\u00bb down=&#8217;10&#8217;]La obra surge del an\u00e1lisis de lo cotidiano y de la observaci\u00f3n de la naturaleza.<\/p>\n<p>Un \u201caccidente\u201d con la materia puede ser el punto de partida, el origen de una expresi\u00f3n personal, que intenta \u201cacercar el arte a la vida\u201d.<\/p>\n<p>El objeto, en este caso esta aislado de su funci\u00f3n y significado, para contemplarlo con otra mirada.<\/p>\n<p>Trabajando con la forma , encerrando el espacio y jugando con sus huecos, las ideas aparecen de lo profundo, y del deseo de ser realidad.<\/p>\n<p>Investigar buscando nuevos caminos, mezclar una y otra vez la tierra con\u2026\u2026? y esperar a ver que pasa\u2026..un proceso de transformaci\u00f3n en donde los elementos agua, tierra, y fuego son imprescindibles.<\/p>\n<p>Mi proyecto consta de varias series :<\/p>\n<p><strong>\u201dAnatom\u00edas\u201d<\/strong> piezas donde las incrustaciones de porcelana producen juegos de luces y sombras creando un paisaje de blanco sobre blanco que investiga en el mundo de los sue\u00f1os.<\/p>\n<p><strong>\u201cAnimales de compa\u00f1\u00eda\u201d<\/strong> surgen de la necesidad que sentimos los humanos de compartir nuestra vida, piezas que quieren avanzar, con movimientos de giro y varias patas.<\/p>\n<p><strong>\u201cCala2\u201d<\/strong> nacen a trav\u00e9s de la fascinaci\u00f3n y contemplaci\u00f3n de los tesoros que encierran los fondos marinos, corales, radiolarios (esqueletos f\u00f3siles), quedando la superficie desnuda de esmalte, sin engobes, ni \u00f3xidos., piezas en forma de bucle que se pliegan y se hinchan, como almohadas, con diferentes tramas de calado, juego a que la luz natural las atraviese, creando sombras a su alrededor.<\/p>\n<p><strong>\u201cEsponjas\u201d<\/strong> mezcla de diversos materiales con porcelana, investigaci\u00f3n sobre la presi\u00f3n , la fragilidad, la dureza y la elasticidad de la materia.[vc_separator type=&#8217;normal&#8217; position=&#8217;center&#8217; color=&#8217;#ffffff&#8217; border_style=\u00bb thickness=\u00bb up=&#8217;16&#8217; down=&#8217;16&#8217;]<\/p>\n<p>RAFAELA PAREJA RIBERA (1962)<br \/>\nC\/ Cura Sapi\u00f1a, 30<br \/>\n46114 Vinalesa Valencia (Espa\u00f1a)<br \/>\n+034 652750410<br \/>\n<a href=\"mailto:rafaelapareja37@gmail.com\">rafaelapareja37@gmail.com<\/a><br \/>\n<a href=\"https:\/\/www.rafaelapareja.com\">www.rafaelapareja.com<\/a>[vc_separator type=&#8217;normal&#8217; position=&#8217;center&#8217; color=&#8217;#ffffff&#8217; border_style=\u00bb thickness=\u00bb up=&#8217;16&#8217; down=&#8217;16&#8217;]<\/p>\n<h3>Formaci\u00f3n<\/h3>\n<p>[vc_separator type=&#8217;normal&#8217; position=&#8217;center&#8217; color=&#8217;#fff&#8217; border_style=\u00bb thickness=&#8217;10&#8217; up=\u00bb down=&#8217;10&#8217;]<strong>1981-1984<\/strong> Escuela de Artes Aplicadas y Oficios Art\u00edsticos (Valencia)<\/p>\n<p><strong>[vc_separator type=&#8217;normal&#8217; position=&#8217;center&#8217; color=&#8217;#fff&#8217; border_style=\u00bb thickness=&#8217;10&#8217; up=\u00bb down=&#8217;10&#8217;]Cursos:[vc_separator type=&#8217;normal&#8217; position=&#8217;center&#8217; color=&#8217;#fff&#8217; border_style=\u00bb thickness=&#8217;10&#8217; up=\u00bb down=&#8217;10&#8217;]<\/strong><\/p>\n<p><strong>2016<\/strong> Curso de Tranferencias de im\u00e1genes para ceramistas.Taller Alafia.(Vinalesa).por Javier Ramos.<br \/>\n<strong>2015<\/strong> Curso de esmaltes para ceramistas.Taller Alafia(Vinalesa) por Carmen Ruiz.<br \/>\nCurso de pintura bajo cubierta nivel2.Taller Alafia Vinalesa ,por Xavier Monsalvatje.<br \/>\n<strong>2014<\/strong> Curso de pintura bajo cubierta.Taller Alafia(Vinalesa) por Xavier Monsalvatje.<br \/>\n<strong>2013<\/strong> Curso de cocci\u00f3n en horno microondas.Taller Alafia, (Vinalesa) por Pedro Mart\u00ednez.<br \/>\n<strong>2012<\/strong> Curso de Foto Cer\u00e1mica .Barcelona por El\u00ed Moreto.<br \/>\n<strong>2011<\/strong> Curso de vidriados .Taller Alafia. (Vinalesa) por Carmen Ruiz.<br \/>\n<strong>2009<\/strong> Curso de porcelana de papel. Argentona.por Anima Roos.<br \/>\nCurso de vidriados .Taller Alafia. (Vinalesa) por Carmen Ruiz.<br \/>\nCurso horno de papel .Gerona. por Chisato Kurosi<br \/>\n<strong>2001<\/strong> Curso de instrumentos de cer\u00e1mica. Agost (Alacant).<br \/>\n<strong>2000<\/strong> Curso de engobe salado. Escola de Cer\u00e1mica de la Bisbal (Girona).<br \/>\n<strong>1993<\/strong> Curso de instrumentos de cer\u00e1mica. Agost (Alacant).<br \/>\n<strong>1992<\/strong> Seminario de Tecnolog\u00eda y Escuela\u00a0 Libre de Sargadelos (Lugo).<\/p>\n<p>[vc_separator type=&#8217;normal&#8217; position=&#8217;center&#8217; color=&#8217;#ffffff&#8217; border_style=\u00bb thickness=\u00bb up=&#8217;16&#8217; down=&#8217;16&#8217;]<\/p>\n<h3>Exposiciones<\/h3>\n<p>[vc_separator type=&#8217;normal&#8217; position=&#8217;center&#8217; color=&#8217;#fff&#8217; border_style=\u00bb thickness=&#8217;10&#8217; up=\u00bb down=&#8217;10&#8217;]<\/p>\n<p><strong>2017<\/strong> Exposici\u00f3n \u201cINMERSION\u201d Escuela de Cer\u00e1mica,Talavera de la Reina .<\/p>\n<p>Exposici\u00f3n \u201cLA VIDA SECRETA DE LAS PLANTAS\u201dCasa Gongora,Cordoba<\/p>\n<p><strong>2016 <\/strong>Exposici\u00f3n Gralles Experience .Vendrell. Tarragona.<\/p>\n<p>Exposici\u00f3n \u00a0\u201dNubes en la tormenta de la vida\u201d. ACC. Barcelona.<\/p>\n<p>Exposici\u00f3n 16. Aranda de Duero .Burgos.<\/p>\n<p><strong>2015 <\/strong>Exposici\u00f3n \u201cORG\u00c1NICAS\u201den Galer\u00eda Dterra ,Barcelona.<\/p>\n<p>Exposici\u00f3n Premio Internacional de Cer\u00e1mica Contempor\u00e1nea CERCO. Zaragoza.<\/p>\n<p>Exposici\u00f3n \u201cORGANIC SCULPTUR\u201d en Museo Nacional de Cer\u00e1mica l\u00b4Alcora (Castell\u00f3n).<\/p>\n<p>Exposici\u00f3n Ciutat Vella Overta ,en Museo Centro del Carmen ,Valencia.<\/p>\n<p>Participa en la Feria de Arte MARTE. Casatell\u00f3n,<\/p>\n<p>Master class en CERAMIC DAYS Manises ,Valencia.<\/p>\n<p><strong>2014 <\/strong>Competici\u00f3n en el European Ceramic Context . Bornholm. Dinamarca.<\/p>\n<p>4\u00ba Trienal Internacional de los Silicatos Art\u00edsticos.Kapolna. Hungria.<\/p>\n<p>Exposici\u00f3n con los Miembros de la Academia\u00a0 de Cer\u00e1mica AIC. Dubl\u00edn.<\/p>\n<p><strong>2013 <\/strong>Exposici\u00f3n \u201cCiutat Vella\u201d Ibercaja . Valencia.<\/p>\n<p>XI Bienal Internacional de Aveiro .Portugal. VII Biennal de cer\u00e1mica El Vendrell . Tarragona..<\/p>\n<p>XI Bienal Internacional de Cer\u00e1mica de Manises,Valencia <strong>\u00a0\u00a0\u00a0\u00a0\u00a0\u00a0\u00a0\u00a0\u00a0\u00a0\u00a0\u00a0\u00a0\u00a0\u00a0\u00a0<\/strong><\/p>\n<p><strong>2012 <\/strong>Participa en el 9\u00ba Sal\u00f3n de la Cer\u00e1mica Contempor\u00e1nea en C\u00c9RAMIQUE 14.(Paris)<\/p>\n<p>Exposici\u00f3n multidisciplinar Espai de Art La Nau, Vinalesa.<\/p>\n<p>Participa en la 8\u00aa Rassegna Internazionale Albissola Citt\u00e0 d`Arte e Ceramica, (Italia).<\/p>\n<p>V Biennal de Cer\u00e0mica de Marratx\u00ed (Mallorca).<\/p>\n<p>Feria \u00a0Keramik Panorama en Murten (Suiza).\u00a0\u00a0\u00a0\u00a0\u00a0\u00a0\u00a0\u00a0\u00a0\u00a0\u00a0\u00a0 <strong>\u00a0<\/strong><\/p>\n<p><strong>2011 <\/strong>Exposici\u00f3n \u201cTormenta\u201d Museo Terracota . La Galera. Tarragona.<\/p>\n<p>5\u00aaBienal Internacional de Cer\u00e1mica \u201cCiudad de Talavera\u201d.Toledo.<\/p>\n<p>XXI Premio Bienal Unicaja de Artesania. Ja\u00e9n.<\/p>\n<p><strong>2010<\/strong> Exposici\u00f3n \u201cENTRE EL AGUA Y EL FUEGO\u201d en ACC . Barcelona.<\/p>\n<p>Exposici\u00f3n \u2018De Terre et de Feu: L\u2019aventure la ceramique europenne \u00e0 Limoges\u2019 FRANCIA<\/p>\n<p><strong>2009 <\/strong>X Biennal de Escultura \u201c Jos\u00e9 Maria Rausell\u201d.Meliana.Valencia. II Certamen de Escultura Silvestre de Edeta. LLiria.<\/p>\n<p>IX Bienal Internacional de Aveiro .Portugal. V Biennal de cer\u00e1mica El Vendrell . Tarragona.. Dols Ceramistes Ibiza..<\/p>\n<p>\u201cAnatomia de una idea\u201d.\u00a0 CER\u00c1MICA : INFINITAS RESPUESTAS .Museo Gonzalez Mart\u00ed .Valencia.<\/p>\n<p>Premio mural Udefasa. L\u2019Alcora.<\/p>\n<p><strong>2008<\/strong> 1\u00baPremi de Cer\u00e1mica Art\u00edstica de La Galera\u00a0 Tarragona. 8\u00ba Premio Internacional de Cer\u00e1mica Contempor\u00e1nea Arag\u00f3n 2008 <strong>II <\/strong>Bienal Internacional de Cer\u00e1mica de Marratxi. Mallorca. ARTX15. Colectiva. L\u2019Alcora. Concurso de Artesania del Barro Ibiza. SOLIDARIA<strong>. <\/strong>Artistes amb el Sahar\u00e1. La Nau. Valencia<strong>.<\/strong><\/p>\n<p><strong>2007 <\/strong>Exposici\u00f3n\u00a0\u00a0 EN ZEN DIDAS. Sala Vencill \u00a0D\u2019Art \u201cLa Llontgeta\u201d.Valencia.<\/p>\n<p>Exposici\u00f3n\u00a0 ANATOMIAS. European Markes Gallery. Holanda.<\/p>\n<p>Exposici\u00f3n Del Blanco al Negro pasando por Artealcora 2007.Castell\u00f3n<\/p>\n<p>3\u00aa Bienal Internacional de Cer\u00e1mica \u201cCiudad de Talavera\u201d Toledo.<\/p>\n<p>XIX Premio Caja Ja\u00e9n de Artesan\u00eda. Ja\u00e9n.<\/p>\n<p>VIII Bienal Internacional de Cer\u00e1mica. Manises,Valencia.<\/p>\n<p>Feria de Cer\u00e1mica Internacional de Cer\u00e1mica Contempor\u00e1nea. Zaragoza. Bienal\u00a0 Internacional de Cer\u00e1mica de Marratxi. Mallorca.<\/p>\n<p>26 Concurso Internacional de Cer\u00e1mica de `L\u2019Alcora. Castell\u00f3n. L\u00aai. ke<\/p>\n<p>1\u00aa Certamen Internacional de Cer\u00e1mica contempor\u00e1nea de Euskadi. Vitoria.<\/p>\n<p>26 Concurso Internacional de L\u2019Alcora Castell\u00f3n.<\/p>\n<p>14 Biennal de Cer\u00e1mica\u00a0 d\u2019Esplugues. Barcelona.<\/p>\n<p>X\u00a0 Bienal de Escultura Quart de Poblet.<\/p>\n<p>Valencia XII Concurso Nacional de Cer\u00e1mica \u201cCiudad de Valladodid \u201c.<\/p>\n<p><strong>2005<\/strong> Exposici\u00f3n Ayuntamiento de Bonrrepos y Mirambell. Valencia.<\/p>\n<p>Exposici\u00f3n Galer\u00eda Plataforma h. Valencia.<\/p>\n<p>Exposici\u00f3n \u201cEsculturas de Luz\u201d. Eskoriatza. Encuentro de ceramistas. Telleria Baserriko Jaia.Mondrag\u00f3n.Ceramikarte.,<\/p>\n<p>V\u00a0 Premio Internacional de Cer\u00e1mica Contempor\u00e1nea.CERCO. Zaragoza<\/p>\n<p>2\u00aa Bienal Internacional de Ceramica \u201cCiudad de Talavera\u201d Toledo<\/p>\n<p>1\u00aa Bienal de las Artes de Bu\u00f1ol, VII\u00a0 Concurso Exposici\u00f3n de Arte Manolo Valdes.Altura.Castellon<\/p>\n<p>VII Bienal internacional de Cer\u00e1mica- Manises, Valencia<\/p>\n<p>XXIV Concurso de Cer\u00e1mica de Mora la Nova, Tarragona<\/p>\n<p>XI Concurso Nacional de Cer\u00e1mica \u201cCiudad\u00a0 de Valladolid\u201d.<\/p>\n<p><strong>2004<\/strong> XVI\u00a0 Premio Caja de Ja\u00e9n de Artesan\u00eda, IV Premio Internacional de cer\u00e1mica Contempor\u00e1nea Cerco. Zaragoza<\/p>\n<p>24 Concurso Internacional\u00a0 Cer\u00e1mica L\u2019Alcora . Castell\u00f3n,<\/p>\n<p>III Bienal de Cer\u00e1mica Mati Royo. Altafulla. Tarragona<\/p>\n<p>LXXIV-Exposici\u00f3n-Concurso de Alfarer\u00eda y Cer\u00e1mica de La Rambla.Cordoba,<\/p>\n<p>VI Concurso Exposici\u00f3n de Arte\u00a0 Manolo Vald\u00e9s Altura. Castell\u00f3n,<\/p>\n<p>VII Premio Nacional de Cer\u00e1mica \u201cCiudad de Castell\u00f3n, Exposici\u00f3n Casa de Cultura. Ademuz. Valencia, X Concurso Nacional de Cer\u00e1mica Ciudad de Valladolid<\/p>\n<p><strong>2003<\/strong> III\u00a0 Premio de Cer\u00e1mica Contempor\u00e1nea Cerco Arag\u00f3n,<\/p>\n<p>VIII Concurso Nacional de Pieza \u00danica. Burgos.<\/p>\n<p>Bienal Internacional de Cer\u00e1mica Ciudad de Talavera,<\/p>\n<p>XII Premio Nacional Cer\u00e1mica Creativa \u201cCiudad de Palencia\u201d. 2003,<\/p>\n<p>XXXII Concurso Pieza \u00danica Zamora,<\/p>\n<p>64-Exposici\u00f3n\u00a0 Internacional de Artes Pl\u00e1sticas de Valdepe\u00f1as<\/p>\n<p>Concurso de Cer\u00e1mica \u201cMora la Nova\u201d. Tarragona,<\/p>\n<p>II Bienal Nacional de Cer\u00e1mica Creativa. Santa Cruz de Tenerife<\/p>\n<p>IX Concurso Nacional de Cer\u00e1mica \u201cCiudad de Valladolid\u201d.<\/p>\n<p><strong>2002<\/strong>\u00a0 XII\u00a0 Bienal de Cer\u00e1mica Angelina Alos. Espluges de Llobregat (Barcelona).<\/p>\n<p><strong>2002<\/strong> XI\u00a0 Concurso Nacional de Cer\u00e1mica Creativa. Palencia.<\/p>\n<p><strong>1999 <\/strong>XIX\u00a0 Concurso Nacional de Cer\u00e1mica l\u00b4Alcora (Castell\u00f3n).<\/p>\n<p>[vc_separator type=&#8217;normal&#8217; position=&#8217;center&#8217; color=&#8217;#ffffff&#8217; border_style=\u00bb thickness=\u00bb up=&#8217;16&#8217; down=&#8217;16&#8217;]<\/p>\n<h3>Premios<\/h3>\n<p>[vc_separator type=&#8217;normal&#8217; position=&#8217;center&#8217; color=&#8217;#fff&#8217; border_style=\u00bb thickness=&#8217;10&#8217; up=\u00bb down=&#8217;10&#8217;]<\/p>\n<p><strong>2016 <\/strong>Premio del p\u00fablico a la mejor obra documental en\u00a0<a href=\"http:\/\/www.fifma.com\/\">Fifma<\/a>. Monreuil\u00a0.Par\u00eds<\/p>\n<p><strong>2014 <\/strong>Menci\u00f3n de honor\u00a0 XII\u00a0 Premio Nacional de Cer\u00e1mica \u201cCiudad de Castell\u00f3n\u201d<\/p>\n<p><strong>2013<\/strong> Nombrada Miembro de \u00a0la Academia Internacional de\u00a0 la Cer\u00e1mica AIC<\/p>\n<p><strong>2011<\/strong> 1\u00ba Premio Cer\u00e1mica Actual .5\u00aa Bienal Internacional de Cer\u00e1mica\u00a0 Talavera\u00a0 de la Reina .Toledo<\/p>\n<p><strong>2010<\/strong> 1\u00aaPremio Cer\u00e0mica i Terrissa\u00a0 Vila de la GALERA.Tarragona.<\/p>\n<p>Menci\u00f3n de honor .X P remio Internacional de Cer\u00e1mica Contempor\u00e1nea CERCO<\/p>\n<p><strong>2009 <\/strong>1\u00ba Premio \u201cJoan Capdevilla\u201d.Sant Juli\u00e1 de Vilatorta. .Barcelona.<\/p>\n<p><strong>2008<\/strong> 1\u00ba Premio Artesan\u00eda del Barro Joan Daifa. Ibiza. 1\u00ba Premio de Dise\u00f1o y Nuevas formas de la Rambla. C\u00f3rdoba. 1\u00ba Premio en la 15 Bienal de Cer\u00e1mica Angelina Alos. Esplugues de Llobregat. Barcelona.<\/p>\n<p><strong>2007 <\/strong>2\u00ba Premio XIX\u00a0 Premio Caja de Ja\u00e9n de Artesan\u00eda.<\/p>\n<p>2\u00ba Premio 3\u00aa\u00a0 Bienal de Cer\u00e1mica Internacional de Cer\u00e1mica de Talavera. Toledo.<\/p>\n<p><strong>2006<\/strong> 1\u00a0 Premio Artesan\u00eda del barro Joan Daifa. Ibiza. Baleares.<\/p>\n<p>Premio\u00a0 Ceramista Cotanda. 26 Concurso Internacional de Cer\u00e1mica de L\u2019Alcora (Castell\u00f3n)<\/p>\n<p>2\u00ba Premio X Bienal\u00a0 de Escultura Quart de Poblet. Valencia.<\/p>\n<p>2\u00aa Premio XII\u00a0 Concurso Nacional\u00a0 de Cer\u00e1mica \u201cCiudad de Valladolid\u201d.<\/p>\n<p><strong>2005<\/strong> Premio Ayuntamiento de Castell\u00f3n a la mejor obra art\u00edstica en el VII\u00a0 Premio Nacional de Cer\u00e1mica\u00a0 \u201cCiudad de Castell\u00f3n\u201d.<\/p>\n<p>1\u00aa Premio Cer\u00e1mica Contempor\u00e1nea en la 1\u00aa Bienal de las Artes de Bu\u00f1ol. Valencia.<\/p>\n<p><strong>2004<\/strong> Primer\u00a0 Premio III Bienal\u00a0 Marti Royo. Altafulla. Tarragona.<\/p>\n<p><strong>2003<\/strong> XXXII Premio Cer\u00e1mica. Pieza \u00danica Zamora.<\/p>\n<p>Menci\u00f3n de Honor. XXV Concurso Exposici\u00f3n de Arte. Manolo Vald\u00e9s. Altura. Valencia.<\/p>\n<p><strong>2002<\/strong> Primer Premio de Cer\u00e1mica actual en el 22 Concurso Internacional de Cer\u00e1mica. L\u00b4Alcora (<u>Castell\u00f3n<\/u>).<\/p>\n<p>[vc_separator type=&#8217;normal&#8217; position=&#8217;center&#8217; color=&#8217;#ffffff&#8217; border_style=\u00bb thickness=\u00bb up=&#8217;16&#8217; down=&#8217;16&#8217;]<\/p>\n<h3>Obra vendida<\/h3>\n<p>[vc_separator type=&#8217;normal&#8217; position=&#8217;center&#8217; color=&#8217;#fff&#8217; border_style=\u00bb thickness=&#8217;10&#8217; up=\u00bb down=&#8217;10&#8217;]<\/p>\n<p>Ayuntamientos:\u00a0 Cortes de Pay\u00e1s, Vinalesa, Tavernes de Valldigna, Bonrrep\u00f3s (Valencia)<\/p>\n<p>Museo de Kapolna. Hungria<\/p>\n<p>Colecci\u00f3n Gralles Experience.Tarragona[\/vc_column_text][\/vc_column_inner][\/vc_row_inner][\/vc_column][\/vc_row]<\/p>\n","protected":false},"excerpt":{"rendered":"<p>[vc_row row_type=\u00bbrow\u00bb use_row_as_full_screen_section=\u00bbno\u00bb type=\u00bbfull_width\u00bb text_align=\u00bbleft\u00bb background_color=\u00bb#ffffff\u00bb css_animation=\u00bb\u00bb][vc_column][vc_row_inner row_type=\u00bbrow\u00bb type=\u00bbgrid\u00bb use_row_as_full_screen_section_slide=\u00bbno\u00bb text_align=\u00bbleft\u00bb padding_top=\u00bb80&#8243; padding_bottom=\u00bb80&#8243; css_animation=\u00bb\u00bb][vc_column_inner][vc_column_text] S\u00edntesis [vc_separator type=&#8217;normal&#8217; position=&#8217;center&#8217; color=&#8217;#fff&#8217; border_style=\u00bb thickness=&#8217;10&#8217; up=\u00bb down=&#8217;10&#8217;]La obra surge del an\u00e1lisis de lo cotidiano y de la observaci\u00f3n de la naturaleza. Un \u201caccidente\u201d con la materia puede ser el&#8230;<\/p>\n","protected":false},"author":1,"featured_media":0,"parent":0,"menu_order":0,"comment_status":"closed","ping_status":"closed","template":"full_width.php","meta":{"footnotes":""},"class_list":["post-21207","page","type-page","status-publish","hentry"],"_links":{"self":[{"href":"https:\/\/www.rafaelapareja.com\/index.php\/wp-json\/wp\/v2\/pages\/21207","targetHints":{"allow":["GET"]}}],"collection":[{"href":"https:\/\/www.rafaelapareja.com\/index.php\/wp-json\/wp\/v2\/pages"}],"about":[{"href":"https:\/\/www.rafaelapareja.com\/index.php\/wp-json\/wp\/v2\/types\/page"}],"author":[{"embeddable":true,"href":"https:\/\/www.rafaelapareja.com\/index.php\/wp-json\/wp\/v2\/users\/1"}],"replies":[{"embeddable":true,"href":"https:\/\/www.rafaelapareja.com\/index.php\/wp-json\/wp\/v2\/comments?post=21207"}],"version-history":[{"count":33,"href":"https:\/\/www.rafaelapareja.com\/index.php\/wp-json\/wp\/v2\/pages\/21207\/revisions"}],"predecessor-version":[{"id":21859,"href":"https:\/\/www.rafaelapareja.com\/index.php\/wp-json\/wp\/v2\/pages\/21207\/revisions\/21859"}],"wp:attachment":[{"href":"https:\/\/www.rafaelapareja.com\/index.php\/wp-json\/wp\/v2\/media?parent=21207"}],"curies":[{"name":"wp","href":"https:\/\/api.w.org\/{rel}","templated":true}]}}