{"id":21460,"date":"2017-06-13T09:05:06","date_gmt":"2017-06-13T09:05:06","guid":{"rendered":"https:\/\/www.rafaelapareja.com\/?page_id=21460"},"modified":"2025-09-18T08:14:11","modified_gmt":"2025-09-18T08:14:11","slug":"curso-de-cenizas-y-esmaltes-de-tierra","status":"publish","type":"page","link":"https:\/\/www.rafaelapareja.com\/index.php\/curso-de-cenizas-y-esmaltes-de-tierra\/","title":{"rendered":"Curso de cenizas y esmaltes de tierra"},"content":{"rendered":"<p>[vc_row row_type=\u00bbrow\u00bb use_row_as_full_screen_section=\u00bbno\u00bb type=\u00bbfull_width\u00bb text_align=\u00bbleft\u00bb css_animation=\u00bb\u00bb][vc_column][vc_column_text]<\/p>\n<p>[\/vc_column_text][\/vc_column][\/vc_row][vc_row row_type=\u00bbrow\u00bb use_row_as_full_screen_section=\u00bbno\u00bb type=\u00bbfull_width\u00bb text_align=\u00bbleft\u00bb css_animation=\u00bb\u00bb][vc_column width=\u00bb2\/3&#8243;][vc_column_text]<\/p>\n<h3>Fechas: 12 \/ 13 \/ 14 de diciembre 2025<\/h3>\n<p>[vc_separator type=&#8217;transparent&#8217; position=&#8217;center&#8217; color=\u00bb border_style=\u00bb thickness=\u00bb up=&#8217;15&#8217; down=&#8217;15&#8217;]<\/p>\n<p><strong>Contenidos<\/strong><\/p>\n<p>[vc_separator type=&#8217;transparent&#8217; position=&#8217;center&#8217; color=\u00bb border_style=\u00bb thickness=\u00bb up=&#8217;10&#8217; down=&#8217;10&#8217;]<\/p>\n<ol>\n<li>Introducci\u00f3n<\/li>\n<\/ol>\n<ul>\n<li style=\"list-style-type: none;\">\n<ul>\n<li>Revisi\u00f3n hist\u00f3rica<\/li>\n<li>Revisi\u00f3n bibliogr\u00e1fica<\/li>\n<\/ul>\n<\/li>\n<\/ul>\n<ol start=\"2\">\n<li>Un poco de bot\u00e1nica<\/li>\n<\/ol>\n<ul>\n<li style=\"list-style-type: none;\">\n<ul>\n<li>Componentes principales de las cenizas:<\/li>\n<\/ul>\n<\/li>\n<\/ul>\n<p style=\"padding-left: 120px;\">&#8211;\u00a0 Los fundentes<\/p>\n<p style=\"padding-left: 120px;\">&#8211;\u00a0 Silicio y f\u00f3sforo<\/p>\n<p style=\"padding-left: 120px;\">&#8211;\u00a0 \u00d3xidos colorantes<\/p>\n<ul>\n<li style=\"list-style-type: none;\">\n<ul>\n<li>Familia de cenizas:<\/li>\n<\/ul>\n<\/li>\n<\/ul>\n<p style=\"padding-left: 120px;\">&#8211;\u00a0 \u00c1cidas, b\u00e1sicas y mixtas<\/p>\n<ol start=\"3\">\n<li>Selecci\u00f3n, recolecci\u00f3n y tratamiento<\/li>\n<li>Identificaci\u00f3n de las cenizas<\/li>\n<li>Metodolog\u00eda experimental:<\/li>\n<\/ol>\n<ul>\n<li style=\"list-style-type: none;\">\n<ul>\n<li>Revisi\u00f3n de composiciones:<\/li>\n<\/ul>\n<\/li>\n<\/ul>\n<p style=\"padding-left: 120px;\">&#8211;\u00a0 China, Jap\u00f3n y Corea<\/p>\n<ul>\n<li style=\"list-style-type: none;\">\n<ul>\n<li>Estudio de mezclas<\/li>\n<\/ul>\n<\/li>\n<\/ul>\n<p style=\"padding-left: 120px;\">&#8211;\u00a0 M\u00e9todo volum\u00e9trico<\/p>\n<ul>\n<li style=\"list-style-type: none;\">\n<ul>\n<li>Formulaci\u00f3n y desarrollo de composiciones de esmaltes ( 1260\u00baC)<\/li>\n<\/ul>\n<\/li>\n<\/ul>\n<ol start=\"6\">\n<li>Cocci\u00f3n:<\/li>\n<\/ol>\n<p style=\"padding-left: 120px;\">&#8211;\u00a0 Curvas para oxidaci\u00f3n y reducci\u00f3n<\/p>\n<ol start=\"7\">\n<li>An\u00e1lisis de los resultados<\/li>\n<\/ol>\n<ul>\n<li style=\"list-style-type: none;\">\n<ul>\n<li>Diagramas de fusi\u00f3n<\/li>\n<li>Diagrama de Stull<\/li>\n<\/ul>\n<\/li>\n<\/ul>\n<ol start=\"7\">\n<li>An\u00e1lisis de los resultados<\/li>\n<\/ol>\n<ol start=\"8\">\n<li>Bibliograf\u00eda<\/li>\n<\/ol>\n<p><span style=\"font-size: revert; color: initial;\">[vc_separator type=\u00bbtransparent\u00bb border_style=\u00bb\u00bb up=\u00bb20&#8243; down=\u00bb20&#8243;]<\/span><\/p>\n<p>Los esmaltes Tenmoku y Shino se abordaran de forma experimental, desarrollando composiciones ya testadas en oxidaci\u00f3n, tras una breve explicaci\u00f3n de las formulaciones y de las condiciones necesarias para estos dos tipos de esmaltes.<\/p>\n<p><span style=\"font-size: revert; color: initial;\">[vc_separator type=\u00bbtransparent\u00bb border_style=\u00bb\u00bb up=\u00bb10&#8243; down=\u00bb10&#8243;]<\/span><\/p>\n<p>Todas las formulaciones de esmaltes de cenizas han sido ya realizadas en cocciones oxidantes, estas muestras estar\u00e1n a la disposici\u00f3n de los asistentes con el fin de poder comparar los resultados de oxidaci\u00f3n y de reducci\u00f3n.<\/p>\n<p><span style=\"font-size: revert; color: initial;\">[\/vc_column_text][vc_separator type=\u00bbtransparent\u00bb border_style=\u00bb\u00bb up=\u00bb10&#8243; down=\u00bb10&#8243;][\/vc_column][vc_column width=\u00bb1\/3&#8243;][vc_column_text]<\/span><a style=\"font-size: revert;\" href=\"https:\/\/www.rafaelapareja.com\/wp-content\/uploads\/2024\/07\/carmen-ruiz.jpg\"><img loading=\"lazy\" decoding=\"async\" class=\"alignnone wp-image-22172 size-full\" src=\"https:\/\/www.rafaelapareja.com\/wp-content\/uploads\/2024\/07\/carmen-ruiz.jpg\" alt=\"\" width=\"600\" height=\"589\" srcset=\"https:\/\/www.rafaelapareja.com\/wp-content\/uploads\/2024\/07\/carmen-ruiz.jpg 600w, https:\/\/www.rafaelapareja.com\/wp-content\/uploads\/2024\/07\/carmen-ruiz-300x295.jpg 300w\" sizes=\"auto, (max-width: 600px) 100vw, 600px\" \/><\/a><span style=\"font-size: revert; color: initial;\">[\/vc_column_text][vc_separator type=\u00bbtransparent\u00bb border_style=\u00bb\u00bb up=\u00bb10&#8243; down=\u00bb10&#8243;][vc_column_text]<\/span><a style=\"font-size: revert;\" href=\"https:\/\/www.rafaelapareja.com\/wp-content\/uploads\/2024\/07\/carmen-ruiz-emaltes1.jpg\"><img loading=\"lazy\" decoding=\"async\" class=\"alignnone wp-image-22173 size-full\" src=\"https:\/\/www.rafaelapareja.com\/wp-content\/uploads\/2024\/07\/carmen-ruiz-emaltes1.jpg\" alt=\"\" width=\"600\" height=\"600\" srcset=\"https:\/\/www.rafaelapareja.com\/wp-content\/uploads\/2024\/07\/carmen-ruiz-emaltes1.jpg 600w, https:\/\/www.rafaelapareja.com\/wp-content\/uploads\/2024\/07\/carmen-ruiz-emaltes1-300x300.jpg 300w, https:\/\/www.rafaelapareja.com\/wp-content\/uploads\/2024\/07\/carmen-ruiz-emaltes1-150x150.jpg 150w, https:\/\/www.rafaelapareja.com\/wp-content\/uploads\/2024\/07\/carmen-ruiz-emaltes1-550x550.jpg 550w, https:\/\/www.rafaelapareja.com\/wp-content\/uploads\/2024\/07\/carmen-ruiz-emaltes1-500x500.jpg 500w\" sizes=\"auto, (max-width: 600px) 100vw, 600px\" \/><\/a><span style=\"font-size: revert; color: initial;\">[\/vc_column_text][vc_separator type=\u00bbtransparent\u00bb border_style=\u00bb\u00bb up=\u00bb10&#8243; down=\u00bb10&#8243;][vc_column_text]<\/span><a style=\"font-size: revert;\" href=\"https:\/\/www.rafaelapareja.com\/wp-content\/uploads\/2024\/07\/carmen-ruiz-emaltes2.jpg\"><img loading=\"lazy\" decoding=\"async\" class=\"alignnone wp-image-22174 size-full\" src=\"https:\/\/www.rafaelapareja.com\/wp-content\/uploads\/2024\/07\/carmen-ruiz-emaltes2.jpg\" alt=\"\" width=\"600\" height=\"600\" srcset=\"https:\/\/www.rafaelapareja.com\/wp-content\/uploads\/2024\/07\/carmen-ruiz-emaltes2.jpg 600w, https:\/\/www.rafaelapareja.com\/wp-content\/uploads\/2024\/07\/carmen-ruiz-emaltes2-300x300.jpg 300w, https:\/\/www.rafaelapareja.com\/wp-content\/uploads\/2024\/07\/carmen-ruiz-emaltes2-150x150.jpg 150w, https:\/\/www.rafaelapareja.com\/wp-content\/uploads\/2024\/07\/carmen-ruiz-emaltes2-550x550.jpg 550w, https:\/\/www.rafaelapareja.com\/wp-content\/uploads\/2024\/07\/carmen-ruiz-emaltes2-500x500.jpg 500w\" sizes=\"auto, (max-width: 600px) 100vw, 600px\" \/><\/a><span style=\"font-size: revert; color: initial;\">[\/vc_column_text][vc_separator type=\u00bbtransparent\u00bb border_style=\u00bb\u00bb up=\u00bb10&#8243; down=\u00bb10&#8243;][vc_column_text]<\/span><span style=\"font-size: revert; color: initial;\">[\/vc_column_text][\/vc_column][\/vc_row][vc_row row_type=\u00bbrow\u00bb use_row_as_full_screen_section=\u00bbno\u00bb type=\u00bbfull_width\u00bb text_align=\u00bbleft\u00bb css_animation=\u00bb\u00bb][vc_column][vc_separator type=\u00bbtransparent\u00bb border_style=\u00bb\u00bb up=\u00bb20&#8243; down=\u00bb20&#8243;][\/vc_column][\/vc_row]<\/span><\/p>\n","protected":false},"excerpt":{"rendered":"<p>[vc_row row_type=\u00bbrow\u00bb use_row_as_full_screen_section=\u00bbno\u00bb type=\u00bbfull_width\u00bb text_align=\u00bbleft\u00bb css_animation=\u00bb\u00bb][vc_column][vc_column_text] [\/vc_column_text][\/vc_column][\/vc_row][vc_row row_type=\u00bbrow\u00bb use_row_as_full_screen_section=\u00bbno\u00bb type=\u00bbfull_width\u00bb text_align=\u00bbleft\u00bb css_animation=\u00bb\u00bb][vc_column width=\u00bb2\/3&#8243;][vc_column_text] Fechas: 12 \/ 13 \/ 14 de diciembre 2025 [vc_separator type=&#8217;transparent&#8217; position=&#8217;center&#8217; color=\u00bb border_style=\u00bb thickness=\u00bb up=&#8217;15&#8217; down=&#8217;15&#8217;] Contenidos [vc_separator type=&#8217;transparent&#8217; position=&#8217;center&#8217; color=\u00bb border_style=\u00bb thickness=\u00bb up=&#8217;10&#8217; down=&#8217;10&#8217;] Introducci\u00f3n Revisi\u00f3n hist\u00f3rica Revisi\u00f3n bibliogr\u00e1fica Un&#8230;<\/p>\n","protected":false},"author":1,"featured_media":0,"parent":0,"menu_order":0,"comment_status":"closed","ping_status":"closed","template":"","meta":{"footnotes":""},"class_list":["post-21460","page","type-page","status-publish","hentry"],"_links":{"self":[{"href":"https:\/\/www.rafaelapareja.com\/index.php\/wp-json\/wp\/v2\/pages\/21460","targetHints":{"allow":["GET"]}}],"collection":[{"href":"https:\/\/www.rafaelapareja.com\/index.php\/wp-json\/wp\/v2\/pages"}],"about":[{"href":"https:\/\/www.rafaelapareja.com\/index.php\/wp-json\/wp\/v2\/types\/page"}],"author":[{"embeddable":true,"href":"https:\/\/www.rafaelapareja.com\/index.php\/wp-json\/wp\/v2\/users\/1"}],"replies":[{"embeddable":true,"href":"https:\/\/www.rafaelapareja.com\/index.php\/wp-json\/wp\/v2\/comments?post=21460"}],"version-history":[{"count":34,"href":"https:\/\/www.rafaelapareja.com\/index.php\/wp-json\/wp\/v2\/pages\/21460\/revisions"}],"predecessor-version":[{"id":22280,"href":"https:\/\/www.rafaelapareja.com\/index.php\/wp-json\/wp\/v2\/pages\/21460\/revisions\/22280"}],"wp:attachment":[{"href":"https:\/\/www.rafaelapareja.com\/index.php\/wp-json\/wp\/v2\/media?parent=21460"}],"curies":[{"name":"wp","href":"https:\/\/api.w.org\/{rel}","templated":true}]}}