{"id":21523,"date":"2018-01-15T18:32:51","date_gmt":"2018-01-15T18:32:51","guid":{"rendered":"https:\/\/www.rafaelapareja.com\/?page_id=21523"},"modified":"2026-04-29T16:39:43","modified_gmt":"2026-04-29T16:39:43","slug":"curso-de-transferencias-sobre-ceramicas","status":"publish","type":"page","link":"https:\/\/www.rafaelapareja.com\/index.php\/curso-de-transferencias-sobre-ceramicas\/","title":{"rendered":"Curso de Transferencias sobre cer\u00e1mica"},"content":{"rendered":"\n<h4 class=\"wp-block-heading\">Impartido por Elena Carrasco y Javier Ramos<\/h4>\n\n\n\n<div style=\"height:29px\" aria-hidden=\"true\" class=\"wp-block-spacer\"><\/div>\n\n\n<p>[vc_row row_type=\u00bbrow\u00bb use_row_as_full_screen_section=\u00bbno\u00bb type=\u00bbfull_width\u00bb text_align=\u00bbleft\u00bb css_animation=\u00bb\u00bb][vc_column][vc_column_text]Este taller tiene como objetivo ofrecer una introducci\u00f3n a la t\u00e9cnica de la transferencia de im\u00e1genes sobre soportes cer\u00e1micos. Trabajemos a partir de fotograf\u00edas, as\u00ed como de im\u00e1genes digitales y dibujos de intervenci\u00f3n directa. Analizaremos las necesidades de cada imagen para su mejor adecuaci\u00f3n a las distintas t\u00e9cnicas, prepararemos diferentes matrices, y veremos diversos m\u00e9todos de estampaci\u00f3n. <\/p>\n<p>[vc_separator type=\u00bbtransparent\u00bb border_style=\u00bb\u00bb up=\u00bb10&#8243; down=\u00bb10&#8243;]Ser\u00e1 un taller de car\u00e1cter experimental y creativo. Se explicar\u00e1n t\u00e9cnicamente los diferentes m\u00e9todos de trasferencia, se realizar\u00e1n demostraciones y se propondr\u00e1n ejercicios creativos a partir de las im\u00e1genes.<br \/>\nLas matrices (soporte donde se encuentra nuestra imagen inicial para ser luego transferida) con las que vamos a trabajar son:[vc_separator type=\u00bbtransparent\u00bb border_style=\u00bb\u00bb up=\u00bb10&#8243; down=\u00bb10&#8243;]<\/p>\n<p>PLANCHAS DE LITOGRAF\u00cdA:<br \/>\n&#8211; Planchas de poliester (prontoplate).<br \/>\n&#8211; Fotocopias de toner<br \/>\nPLANCHAS DE HUECO-RELIEVE:<br \/>\n&#8211; Planchas de linograbado<br \/>\nPROCESOS DE REVELADO FOTOGR\u00c1FICO<br \/>\n&#8211; Emulsi\u00f3n fotosensible.[vc_separator type=\u00bbtransparent\u00bb border_style=\u00bb\u00bb up=\u00bb10&#8243; down=\u00bb10&#8243;]<\/p>\n<p>Uno de los soportes cer\u00e1micos que utilizaremos ser\u00e1 la pasta de PAPEL PORCELANA, una pasta que prepararemos en el taller con porcelana en polvo, fibra de algod\u00f3n y tarlatana. Otro soporte cer\u00e1mico que utilizaremos ser\u00e1 una pasta tipo PRAI o PA con chamota (o cualquier barro refractario de color claro y chamota muy fina o impalpable)[vc_separator type=\u00bbtransparent\u00bb border_style=\u00bb\u00bb up=\u00bb10&#8243; down=\u00bb10&#8243;]<\/p>\n<p>*No quiere decirse que no se pueda hacer sobre otras pastas, pero las citadas son las m\u00e1s id\u00f3neas para comenzar.<\/p>\n<p>*El taller est\u00e1 destinado a artistas y estudiantes de t\u00e9cnicas gr\u00e1ficas y\/o cer\u00e1micas, as\u00ed como a todas aquellas personas que quieran acercarse a este sistema de creaci\u00f3n. No se requiere experiencia previa. <\/p>\n<p>[vc_separator type=&#8217;transparent&#8217; position=&#8217;center&#8217; color=\u00bb border_style=\u00bb thickness=\u00bb up=&#8217;20&#8217; down=&#8217;20&#8217;][\/vc_column_text][vc_column_text]<\/p>\n<h3>Fechas: 10, 11 y 12 de julio<\/h3>\n<p>[vc_separator type=&#8217;transparent&#8217; position=&#8217;center&#8217; color=\u00bb border_style=\u00bb thickness=\u00bb up=&#8217;20&#8217; down=&#8217;20&#8217;]<\/p>\n<h3>Viernes, 10 de julio<\/h3>\n<p>[vc_separator type=&#8217;transparent&#8217; position=&#8217;center&#8217; color=\u00bb border_style=\u00bb thickness=\u00bb up=&#8217;10&#8217; down=&#8217;10&#8217;][\/vc_column_text][\/vc_column][\/vc_row]<\/p>\n\n\n<p>[vc_row row_type=\u00bbrow\u00bb use_row_as_full_screen_section=\u00bbno\u00bb type=\u00bbfull_width\u00bb text_align=\u00bbleft\u00bb css_animation=\u00bb\u00bb][vc_column width=\u00bb2\/3&#8243;][vc_column_text]<\/p>\n<p>Presentaci\u00f3n del curso. Rese\u00f1a de las diferentes t\u00e9cnicas que utilizaremos durante el curso. Los diferentes tipos de planchas y sus m\u00e9todos de estampaci\u00f3n. Visionado de muestras. Adaptaci\u00f3n de los sistemas a los diferentes tipos de im\u00e1genes.[vc_separator type=\u00bbtransparent\u00bb border_style=\u00bb\u00bb up=\u00bb10&#8243; down=\u00bb10&#8243;]<br \/>\nLas tintas, elaboraci\u00f3n y demostraci\u00f3n del proceso de entintado y estampaci\u00f3n.[vc_separator type=\u00bbtransparent\u00bb border_style=\u00bb\u00bb up=\u00bb10&#8243; down=\u00bb10&#8243;]<br \/>\nEl \u201cprontoplate\u201d: demostraci\u00f3n y pr\u00e1ctica.<\/p>\n<p>[vc_separator type=\u00bbtransparent\u00bb border_style=\u00bb\u00bb up=\u00bb10&#8243; down=\u00bb10&#8243;]<\/p>\n<h3>S\u00e1bado, 12 de julio<\/h3>\n<p>[vc_separator type=\u00bbtransparent\u00bb border_style=\u00bb\u00bb up=\u00bb10&#8243; down=\u00bb10&#8243;][vc_separator type=\u00bbtransparent\u00bb border_style=\u00bb\u00bb up=\u00bb10&#8243; down=\u00bb10&#8243;]Sesi\u00f3n de estampaci\u00f3n con el prontoplate introduciendo variables creativas como trabajo con engobes y stencils. Trabajo de registro y construcci\u00f3n de la imagen a trav\u00e9s de varias capas de color.<\/p>\n<p>[vc_separator type=\u00bbtransparent\u00bb border_style=\u00bb\u00bb up=\u00bb10&#8243; down=\u00bb10&#8243;]<\/p>\n<p>Continuando con la t\u00e9cnica de la litograf\u00eda usaremos fotocopias de toner trat\u00e1ndolas como matrices litogr\u00e1ficas para estampar. Esta t\u00e9cnica nos permite transferir en superficies curvas.<br \/>\n[vc_separator type=\u00bbtransparent\u00bb border_style=\u00bb\u00bb up=\u00bb10&#8243; down=\u00bb10&#8243;]Transfer dibujando con engobes sobre papel.<\/p>\n<p>[vc_separator type=\u00bbtransparent\u00bb border_style=\u00bb\u00bb up=\u00bb10&#8243; down=\u00bb10&#8243;]Estampaci\u00f3n sobre superficies curvas.<br \/>\nDemostraci\u00f3n y pr\u00e1ctica.[vc_separator type=\u00bbtransparent\u00bb border_style=\u00bb\u00bb up=\u00bb10&#8243; down=\u00bb10&#8243;]<br \/>\nTrabajo en relieve sobre el barro: el lin\u00f3leo y la goma azul. [vc_separator type=\u00bbtransparent\u00bb border_style=\u00bb\u00bb up=\u00bb10&#8243; down=\u00bb10&#8243;]Demostraci\u00f3n y pr\u00e1ctica<br \/>\n[vc_separator type=\u00bbtransparent\u00bb border_style=\u00bb\u00bb up=\u00bb10&#8243; down=\u00bb10&#8243;][vc_column_text]<\/p>\n<h3>Domingo, 12 de julio<\/h3>\n<p>[vc_separator type=&#8217;transparent&#8217; position=&#8217;center&#8217; color=\u00bb border_style=\u00bb thickness=\u00bb up=&#8217;10&#8217; down=&#8217;10&#8217;]<br \/>\nElaboraci\u00f3n del papel porcelana. Demostraci\u00f3n de c\u00f3mo transferir las t\u00e9cnicas a este soporte.[vc_separator type=&#8217;transparent&#8217; position=&#8217;center&#8217; color=\u00bb border_style=\u00bb thickness=\u00bb up=&#8217;10&#8217; down=&#8217;10&#8217;]La emulsi\u00f3n fotosensible: utilizaci\u00f3n de una emulsi\u00f3n fotogr\u00e1fica para fotograbado adaptada al proceso cer\u00e1mico sobre un soporte plano bizcochado o vidriado.[vc_separator type=&#8217;transparent&#8217; position=&#8217;center&#8217; color=\u00bb border_style=\u00bb thickness=\u00bb up=&#8217;10&#8217; down=&#8217;10&#8217;]Tipos de fotolitos. Preparaci\u00f3n de la emulsi\u00f3n, te\u00f1ido y aplicaci\u00f3n sobre soporte cer\u00e1mico [vc_separator type=&#8217;transparent&#8217; position=&#8217;center&#8217; color=\u00bb border_style=\u00bb thickness=\u00bb up=&#8217;10&#8217; down=&#8217;10&#8217;]Insolaci\u00f3n y revelado.<br \/>\n[vc_separator type=\u00bbtransparent\u00bb border_style=\u00bb\u00bb up=\u00bb10&#8243; down=\u00bb10&#8243;] Trabajo de taller.[vc_separator type=\u00bbtransparent\u00bb border_style=\u00bb\u00bb up=\u00bb4&#8243; down=\u00bb4&#8243;]<\/p>\n<p><span style=\"font-size: revert; color: initial;\">[vc_separator type=\u00bbtransparent\u00bb border_style=\u00bb\u00bb up=\u00bb20&#8243; down=\u00bb20&#8243;][vc_separator type=\u00bbtransparent\u00bb border_style=\u00bb\u00bb up=\u00bb20&#8243; down=\u00bb20&#8243;]<\/span><span style=\"font-size: revert; color: initial;\">[vc_separator type=\u00bbtransparent\u00bb border_style=\u00bb\u00bb up=\u00bb20&#8243; down=\u00bb20&#8243;][\/vc_column][vc_column width=\u00bb1\/3&#8243;][vc_column_text]<\/span><img decoding=\"async\" class=\"alignnone wp-image-22199 size-full\" src=\"https:\/\/www.rafaelapareja.com\/wp-content\/uploads\/2026\/04\/curso-javier-ramos.jpg\" alt=\"Curso Transferencias sobre cer\u00e1mica - Javier Ramos\" \/>[vc_separator type=\u00bbtransparent\u00bb border_style=\u00bb\u00bb up=\u00bb10&#8243; down=\u00bb10&#8243;][\/vc_column][\/vc_row]<\/p>\n\n\n\n<p>[vc_row row_type=\u00bbrow\u00bb use_row_as_full_screen_section=\u00bbno\u00bb type=\u00bbfull_width\u00bb text_align=\u00bbleft\u00bb css_animation=\u00bb\u00bb][vc_column][vc_separator type=\u00bbtransparent\u00bb border_style=\u00bb\u00bb up=\u00bb20&#8243; down=\u00bb20&#8243;][\/vc_column][\/vc_row]<\/p>\n\n\n\n<p><\/p>\n","protected":false},"excerpt":{"rendered":"<p>Impartido por Elena Carrasco y Javier Ramos [vc_row row_type=\u00bbrow\u00bb use_row_as_full_screen_section=\u00bbno\u00bb type=\u00bbfull_width\u00bb text_align=\u00bbleft\u00bb css_animation=\u00bb\u00bb][vc_column][vc_separator type=\u00bbtransparent\u00bb border_style=\u00bb\u00bb up=\u00bb20&#8243; down=\u00bb20&#8243;][\/vc_column][\/vc_row]<\/p>\n","protected":false},"author":1,"featured_media":0,"parent":0,"menu_order":0,"comment_status":"closed","ping_status":"closed","template":"","meta":{"footnotes":""},"class_list":["post-21523","page","type-page","status-publish","hentry"],"_links":{"self":[{"href":"https:\/\/www.rafaelapareja.com\/index.php\/wp-json\/wp\/v2\/pages\/21523","targetHints":{"allow":["GET"]}}],"collection":[{"href":"https:\/\/www.rafaelapareja.com\/index.php\/wp-json\/wp\/v2\/pages"}],"about":[{"href":"https:\/\/www.rafaelapareja.com\/index.php\/wp-json\/wp\/v2\/types\/page"}],"author":[{"embeddable":true,"href":"https:\/\/www.rafaelapareja.com\/index.php\/wp-json\/wp\/v2\/users\/1"}],"replies":[{"embeddable":true,"href":"https:\/\/www.rafaelapareja.com\/index.php\/wp-json\/wp\/v2\/comments?post=21523"}],"version-history":[{"count":38,"href":"https:\/\/www.rafaelapareja.com\/index.php\/wp-json\/wp\/v2\/pages\/21523\/revisions"}],"predecessor-version":[{"id":22304,"href":"https:\/\/www.rafaelapareja.com\/index.php\/wp-json\/wp\/v2\/pages\/21523\/revisions\/22304"}],"wp:attachment":[{"href":"https:\/\/www.rafaelapareja.com\/index.php\/wp-json\/wp\/v2\/media?parent=21523"}],"curies":[{"name":"wp","href":"https:\/\/api.w.org\/{rel}","templated":true}]}}