{"id":21639,"date":"2018-12-03T19:25:32","date_gmt":"2018-12-03T19:25:32","guid":{"rendered":"https:\/\/www.rafaelapareja.com\/?page_id=21639"},"modified":"2022-10-10T21:04:26","modified_gmt":"2022-10-10T21:04:26","slug":"curso-de-torno-y-texturas","status":"publish","type":"page","link":"https:\/\/www.rafaelapareja.com\/index.php\/curso-de-torno-y-texturas\/","title":{"rendered":"CURSO DE TORNO Y TEXTURAS"},"content":{"rendered":"<p>[vc_row row_type=\u00bbrow\u00bb use_row_as_full_screen_section=\u00bbno\u00bb type=\u00bbfull_width\u00bb text_align=\u00bbleft\u00bb css_animation=\u00bb\u00bb][vc_column][\/vc_column][\/vc_row][vc_row row_type=\u00bbrow\u00bb use_row_as_full_screen_section=\u00bbno\u00bb type=\u00bbfull_width\u00bb text_align=\u00bbleft\u00bb css_animation=\u00bb\u00bb][vc_column width=\u00bb2\/3&#8243;][vc_column_text]<\/p>\n<h3>Fechas: 10 \/ 11 \/\u00a012 de\u00a0febrero<\/h3>\n<p>[vc_separator type=&#8217;transparent&#8217; position=&#8217;center&#8217; color=\u00bb border_style=\u00bb thickness=\u00bb up=&#8217;10&#8217; down=&#8217;10&#8217;][\/vc_column_text][vc_column_text]Con Jose Mar\u00eda Mariscal aprender\u00e1s los trucos y recomendaciones para hacer de tu pieza al torno una pieza m\u00e1s elaborada. Haz de tus piezas de alfarer\u00eda de alta calidad y acabados excepcionales<strong><br \/>\n<\/strong><\/p>\n<p>[vc_separator type=&#8217;transparent&#8217; position=&#8217;center&#8217; color=\u00bb border_style=\u00bb thickness=\u00bb up=&#8217;20&#8217; down=&#8217;20&#8217;][\/vc_column_text][vc_column_text]<\/p>\n<h3>Qu\u00e9 trabajaremos[vc_separator type=&#8217;transparent&#8217; position=&#8217;center&#8217; color=\u00bb border_style=\u00bb thickness=\u00bb up=&#8217;10&#8217; down=&#8217;10&#8217;]<\/h3>\n<p>Ma\u00f1ana masterclass donde el profesor har\u00e1 una demostraci\u00f3n sobre como tornea diversas tipos de piezas. Por la tarde hora de poner a la pr\u00e1ctica los conocimientos aprendidos\u00a0 con ayuda y gu\u00eda del profesor que te ayudar\u00e1 a nivel individual. Texturas para tensi\u00f3n y otros tipos de texturas al torno. Tornear una pieza en 2 partes, Aprender a tornear cuellos estrechos y largos, Tornear piezas de doble pared.\u2028Tambi\u00e9n se har\u00e1n demostraciones de como dar diferentes acabados con texturas sobre nuestras piezas.<\/p>\n<p>[vc_separator type=&#8217;transparent&#8217; position=&#8217;center&#8217; color=\u00bb border_style=\u00bb thickness=\u00bb up=&#8217;10&#8217; down=&#8217;10&#8217;]<\/p>\n<ul>\n<li>Texturas por tensi\u00f3n.<\/li>\n<li>Texturas a base de engobes.<\/li>\n<li>Texturas a base de material organico.<br \/>\n[vc_separator type=&#8217;transparent&#8217; position=&#8217;center&#8217; color=\u00bb border_style=\u00bb thickness=\u00bb up=&#8217;10&#8217; down=&#8217;10&#8217;]<\/li>\n<\/ul>\n<p>[\/vc_column_text][vc_row_inner row_type=\u00bbrow\u00bb type=\u00bbfull_width\u00bb use_row_as_full_screen_section_slide=\u00bbno\u00bb text_align=\u00bbleft\u00bb css_animation=\u00bb\u00bb][vc_column_inner][vc_column_text]<\/p>\n<h3>A qui\u00e9n va dirigido[vc_separator type=&#8217;transparent&#8217; position=&#8217;center&#8217; color=\u00bb border_style=\u00bb thickness=\u00bb up=&#8217;10&#8217; down=&#8217;10&#8217;]<\/h3>\n<p>El curso est\u00e1 dirigido a alumnos que ya hayan tomado un primer contacto con el torno de forma b\u00e1sica aunque no requiere haber dedicado muchas horas pero si saber los principios b\u00e1sicos del torneado.[vc_separator type=&#8217;transparent&#8217; position=&#8217;center&#8217; color=\u00bb border_style=\u00bb thickness=\u00bb up=&#8217;10&#8217; down=&#8217;10&#8217;]<br \/>\n[\/vc_column_text][\/vc_column_inner][\/vc_row_inner][\/vc_column][vc_column width=\u00bb1\/3&#8243;][vc_single_image image=\u00bb22093&#8243; img_size=\u00bbfull\u00bb onclick=\u00bblink_image\u00bb qode_css_animation=\u00bb\u00bb][vc_separator type=\u00bbtransparent\u00bb border_style=\u00bb\u00bb up=\u00bb10&#8243; down=\u00bb10&#8243;][vc_single_image image=\u00bb22092&#8243; img_size=\u00bbfull\u00bb onclick=\u00bblink_image\u00bb qode_css_animation=\u00bb\u00bb][vc_separator type=\u00bbtransparent\u00bb border_style=\u00bb\u00bb up=\u00bb20&#8243; down=\u00bb20&#8243;][\/vc_column][\/vc_row][vc_row row_type=\u00bbrow\u00bb use_row_as_full_screen_section=\u00bbno\u00bb type=\u00bbfull_width\u00bb text_align=\u00bbleft\u00bb css_animation=\u00bb\u00bb][vc_column][vc_separator type=\u00bbtransparent\u00bb border_style=\u00bb\u00bb up=\u00bb20&#8243; down=\u00bb20&#8243;][\/vc_column][\/vc_row][vc_row row_type=\u00bbrow\u00bb use_row_as_full_screen_section=\u00bbno\u00bb type=\u00bbfull_width\u00bb text_align=\u00bbleft\u00bb css_animation=\u00bb\u00bb][vc_column width=\u00bb1\/3&#8243;][vc_single_image image=\u00bb22089&#8243; img_size=\u00bbfull\u00bb onclick=\u00bblink_image\u00bb qode_css_animation=\u00bb\u00bb][vc_separator type=\u00bbtransparent\u00bb border_style=\u00bb\u00bb up=\u00bb40&#8243; down=\u00bb40&#8243;][\/vc_column][vc_column width=\u00bb1\/3&#8243;][vc_single_image image=\u00bb22091&#8243; img_size=\u00bbfull\u00bb onclick=\u00bblink_image\u00bb qode_css_animation=\u00bb\u00bb][vc_separator type=\u00bbtransparent\u00bb border_style=\u00bb\u00bb up=\u00bb40&#8243; down=\u00bb40&#8243;][\/vc_column][vc_column width=\u00bb1\/3&#8243;][vc_single_image image=\u00bb22090&#8243; img_size=\u00bbfull\u00bb onclick=\u00bblink_image\u00bb qode_css_animation=\u00bb\u00bb][vc_separator type=\u00bbtransparent\u00bb border_style=\u00bb\u00bb up=\u00bb40&#8243; down=\u00bb40&#8243;][\/vc_column][\/vc_row]<\/p>\n","protected":false},"excerpt":{"rendered":"<p>[vc_row row_type=\u00bbrow\u00bb use_row_as_full_screen_section=\u00bbno\u00bb type=\u00bbfull_width\u00bb text_align=\u00bbleft\u00bb css_animation=\u00bb\u00bb][vc_column][\/vc_column][\/vc_row][vc_row row_type=\u00bbrow\u00bb use_row_as_full_screen_section=\u00bbno\u00bb type=\u00bbfull_width\u00bb text_align=\u00bbleft\u00bb css_animation=\u00bb\u00bb][vc_column width=\u00bb2\/3&#8243;][vc_column_text] Fechas: 10 \/ 11 \/\u00a012 de\u00a0febrero [vc_separator type=&#8217;transparent&#8217; position=&#8217;center&#8217; color=\u00bb border_style=\u00bb thickness=\u00bb up=&#8217;10&#8217; down=&#8217;10&#8217;][\/vc_column_text][vc_column_text]Con Jose Mar\u00eda Mariscal aprender\u00e1s los trucos y recomendaciones para hacer de tu pieza al torno una pieza m\u00e1s elaborada&#8230;.<\/p>\n","protected":false},"author":1,"featured_media":0,"parent":0,"menu_order":0,"comment_status":"closed","ping_status":"closed","template":"","meta":{"footnotes":""},"class_list":["post-21639","page","type-page","status-publish","hentry"],"_links":{"self":[{"href":"https:\/\/www.rafaelapareja.com\/index.php\/wp-json\/wp\/v2\/pages\/21639","targetHints":{"allow":["GET"]}}],"collection":[{"href":"https:\/\/www.rafaelapareja.com\/index.php\/wp-json\/wp\/v2\/pages"}],"about":[{"href":"https:\/\/www.rafaelapareja.com\/index.php\/wp-json\/wp\/v2\/types\/page"}],"author":[{"embeddable":true,"href":"https:\/\/www.rafaelapareja.com\/index.php\/wp-json\/wp\/v2\/users\/1"}],"replies":[{"embeddable":true,"href":"https:\/\/www.rafaelapareja.com\/index.php\/wp-json\/wp\/v2\/comments?post=21639"}],"version-history":[{"count":32,"href":"https:\/\/www.rafaelapareja.com\/index.php\/wp-json\/wp\/v2\/pages\/21639\/revisions"}],"predecessor-version":[{"id":22094,"href":"https:\/\/www.rafaelapareja.com\/index.php\/wp-json\/wp\/v2\/pages\/21639\/revisions\/22094"}],"wp:attachment":[{"href":"https:\/\/www.rafaelapareja.com\/index.php\/wp-json\/wp\/v2\/media?parent=21639"}],"curies":[{"name":"wp","href":"https:\/\/api.w.org\/{rel}","templated":true}]}}