{"id":21785,"date":"2019-10-26T22:33:36","date_gmt":"2019-10-26T22:33:36","guid":{"rendered":"https:\/\/www.rafaelapareja.com\/?page_id=21785"},"modified":"2025-09-18T08:14:50","modified_gmt":"2025-09-18T08:14:50","slug":"cursos-2","status":"publish","type":"page","link":"https:\/\/www.rafaelapareja.com\/index.php\/cursos-2\/","title":{"rendered":"CURSOS INTENSIVOS 2025"},"content":{"rendered":"\n<div style=\"height:37px\" aria-hidden=\"true\" class=\"wp-block-spacer\"><\/div>\n\n\n<div class=\"wp-block-image\">\n<figure class=\"aligncenter size-full is-resized\"><a href=\"https:\/\/www.rafaelapareja.com\/index.php\/curso-de-cenizas-y-esmaltes-de-tierra\/\"><img loading=\"lazy\" decoding=\"async\" width=\"1600\" height=\"1596\" src=\"https:\/\/www.rafaelapareja.com\/wp-content\/uploads\/2025\/09\/cenizas-2025-2.jpg\" alt=\"\" class=\"wp-image-22278\" style=\"width:633px;height:auto\" srcset=\"https:\/\/www.rafaelapareja.com\/wp-content\/uploads\/2025\/09\/cenizas-2025-2.jpg 1600w, https:\/\/www.rafaelapareja.com\/wp-content\/uploads\/2025\/09\/cenizas-2025-2-300x300.jpg 300w, https:\/\/www.rafaelapareja.com\/wp-content\/uploads\/2025\/09\/cenizas-2025-2-1024x1021.jpg 1024w, https:\/\/www.rafaelapareja.com\/wp-content\/uploads\/2025\/09\/cenizas-2025-2-150x150.jpg 150w, https:\/\/www.rafaelapareja.com\/wp-content\/uploads\/2025\/09\/cenizas-2025-2-768x766.jpg 768w, https:\/\/www.rafaelapareja.com\/wp-content\/uploads\/2025\/09\/cenizas-2025-2-1536x1532.jpg 1536w, https:\/\/www.rafaelapareja.com\/wp-content\/uploads\/2025\/09\/cenizas-2025-2-550x550.jpg 550w, https:\/\/www.rafaelapareja.com\/wp-content\/uploads\/2025\/09\/cenizas-2025-2-500x500.jpg 500w, https:\/\/www.rafaelapareja.com\/wp-content\/uploads\/2025\/09\/cenizas-2025-2-700x698.jpg 700w, https:\/\/www.rafaelapareja.com\/wp-content\/uploads\/2025\/09\/cenizas-2025-2-1100x1097.jpg 1100w\" sizes=\"auto, (max-width: 1600px) 100vw, 1600px\" \/><\/a><\/figure>\n<\/div>\n\n\n<h3 class=\"wp-block-heading\"><strong>[vc_separator type=&#8217;normal&#8217; position=&#8217;center&#8217; color=\u00bb border_style=\u00bb thickness=\u00bb up=&#8217;40&#8217; down=&#8217;40&#8217;]<\/strong><\/h3>\n\n\n\n<p class=\"has-text-align-center\"><strong>Direcci\u00f3n del taller en el que se imparten los cursos<\/strong><\/p>\n\n\n\n<p class=\"has-text-align-center\">C\/Cura Sapi\u00f1a,30 Vinalesa,Valencia ESPA\u00d1A.<\/p>\n\n\n\n<p class=\"has-text-align-center\">Numero de plazas: 12<\/p>\n\n\n\n<p class=\"has-text-align-center\"><strong>Horario:<\/strong><\/p>\n\n\n\n<p class=\"has-text-align-center\">Viernes: de 10h. a 14h. y de 16 a 19h.<\/p>\n\n\n\n<p class=\"has-text-align-center\">S\u00e1bado: de 10h. a 14h. y de 16 a 19h.<\/p>\n\n\n\n<p class=\"has-text-align-center\">Domingo:de 10h. a 14h.<\/p>\n\n\n\n<p class=\"has-text-align-center\">Inscripci\u00f3n cursos: <a href=\"mailto:rafaelapareja@gmail.com\">rafaelapareja@gmail.com<\/a><a href=\"mailto:alafia@alafia.info\"><br><\/a><\/p>\n\n\n\n<p class=\"has-text-align-center\"><strong>Tel. 652750410<\/strong><\/p>\n\n\n\n<p class=\"has-text-align-center\"><strong>Informaci\u00f3n de alojamiento.<\/strong><\/p>\n\n\n\n<p class=\"has-text-align-center\">HOTEL ESTELA<\/p>\n\n\n\n<p class=\"has-text-align-center\"><a href=\"http:\/\/www.hotelrestauranteestela.com\/\">http:\/\/www.hotelrestauranteestela.com<\/a><\/p>\n\n\n\n<p class=\"has-text-align-center\"><strong>A 15 minutos del taller en el autob\u00fas de linea n\u00ba 16, parada frente al hotel.<\/strong><\/p>\n\n\n\n<p class=\"has-text-align-center\"><strong>Tel. (034) 961 852 041<\/strong><\/p>\n\n\n\n<p class=\"has-text-align-center\">[vc_separator type=&#8217;normal&#8217; position=&#8217;center&#8217; color=\u00bb border_style=\u00bb thickness=\u00bb up=&#8217;40&#8217; down=&#8217;40&#8217;]<\/p>\n","protected":false},"excerpt":{"rendered":"<p>[vc_separator type=&#8217;normal&#8217; position=&#8217;center&#8217; color=\u00bb border_style=\u00bb thickness=\u00bb up=&#8217;40&#8217; down=&#8217;40&#8217;] Direcci\u00f3n del taller en el que se imparten los cursos C\/Cura Sapi\u00f1a,30 Vinalesa,Valencia ESPA\u00d1A. Numero de plazas: 12 Horario: Viernes: de 10h. a 14h. y de 16 a 19h. S\u00e1bado: de 10h. a 14h. y de 16&#8230;<\/p>\n","protected":false},"author":1,"featured_media":0,"parent":0,"menu_order":0,"comment_status":"closed","ping_status":"closed","template":"","meta":{"footnotes":""},"class_list":["post-21785","page","type-page","status-publish","hentry"],"_links":{"self":[{"href":"https:\/\/www.rafaelapareja.com\/index.php\/wp-json\/wp\/v2\/pages\/21785","targetHints":{"allow":["GET"]}}],"collection":[{"href":"https:\/\/www.rafaelapareja.com\/index.php\/wp-json\/wp\/v2\/pages"}],"about":[{"href":"https:\/\/www.rafaelapareja.com\/index.php\/wp-json\/wp\/v2\/types\/page"}],"author":[{"embeddable":true,"href":"https:\/\/www.rafaelapareja.com\/index.php\/wp-json\/wp\/v2\/users\/1"}],"replies":[{"embeddable":true,"href":"https:\/\/www.rafaelapareja.com\/index.php\/wp-json\/wp\/v2\/comments?post=21785"}],"version-history":[{"count":70,"href":"https:\/\/www.rafaelapareja.com\/index.php\/wp-json\/wp\/v2\/pages\/21785\/revisions"}],"predecessor-version":[{"id":22281,"href":"https:\/\/www.rafaelapareja.com\/index.php\/wp-json\/wp\/v2\/pages\/21785\/revisions\/22281"}],"wp:attachment":[{"href":"https:\/\/www.rafaelapareja.com\/index.php\/wp-json\/wp\/v2\/media?parent=21785"}],"curies":[{"name":"wp","href":"https:\/\/api.w.org\/{rel}","templated":true}]}}